{"id":21656,"date":"2025-08-18T14:59:54","date_gmt":"2025-08-18T12:59:54","guid":{"rendered":"https:\/\/ciht.eu\/ciht\/"},"modified":"2025-10-06T14:43:24","modified_gmt":"2025-10-06T12:43:24","slug":"ciht","status":"publish","type":"page","link":"https:\/\/ciht.eu\/hr\/ciht\/","title":{"rendered":"CIHT"},"content":{"rendered":"<p>[et_pb_section fb_built=&#8221;1&#8243; _builder_version=&#8221;4.27.4&#8243; _module_preset=&#8221;default&#8221; background_color=&#8221;#f4ede4&#8243; custom_padding=&#8221;1em||1em||true|false&#8221; global_colors_info=&#8221;{}&#8221; global_module=&#8221;21853&#8243; saved_tabs=&#8221;all&#8221; locked=&#8221;off&#8221;][et_pb_row _builder_version=&#8221;4.27.4&#8243; _module_preset=&#8221;default&#8221; background_image=&#8221;https:\/\/ciht.eu\/wp-content\/uploads\/2025\/09\/12_CIHT_logo_DATUM_ENG.svg&#8221; background_size=&#8221;contain&#8221; positioning=&#8221;none&#8221; position_origin_a=&#8221;center_center&#8221; width_tablet=&#8221;94%&#8221; width_phone=&#8221;94%&#8221; width_last_edited=&#8221;on|phone&#8221; height=&#8221;300px&#8221; height_tablet=&#8221;200px&#8221; height_phone=&#8221;100px&#8221; height_last_edited=&#8221;on|phone&#8221; custom_margin=&#8221;||0px||false|false&#8221; custom_margin_tablet=&#8221;||0px||false|false&#8221; custom_margin_phone=&#8221;||0px||false|false&#8221; custom_margin_last_edited=&#8221;on|phone&#8221; custom_padding=&#8221;5px||5px||true|false&#8221; locked=&#8221;off&#8221; global_colors_info=&#8221;{}&#8221;][et_pb_column type=&#8221;4_4&#8243; _builder_version=&#8221;4.27.4&#8243; _module_preset=&#8221;default&#8221; global_colors_info=&#8221;{}&#8221;][\/et_pb_column][\/et_pb_row][et_pb_row custom_padding_last_edited=&#8221;on|desktop&#8221; _builder_version=&#8221;4.27.4&#8243; _module_preset=&#8221;default&#8221; custom_padding=&#8221;1em||1em||true|false&#8221; custom_padding_tablet=&#8221;1em||1em||true|false&#8221; custom_padding_phone=&#8221;1em||1em||true|false&#8221; global_colors_info=&#8221;{}&#8221;][et_pb_column type=&#8221;4_4&#8243; _builder_version=&#8221;4.27.4&#8243; _module_preset=&#8221;default&#8221; global_colors_info=&#8221;{}&#8221;][et_pb_button button_url=&#8221;https:\/\/register.empl.io\/CIHT2025?locale=hr&#8221; url_new_window=&#8221;on&#8221; button_text=&#8221;REGISTRIRAJ SE&#8221; button_alignment=&#8221;center&#8221; _builder_version=&#8221;4.27.4&#8243; _module_preset=&#8221;default&#8221; custom_button=&#8221;on&#8221; button_text_size=&#8221;22px&#8221; button_text_color=&#8221;#7EBEC5&#8243; button_font=&#8221;|600|||||||&#8221; global_colors_info=&#8221;{}&#8221;][\/et_pb_button][\/et_pb_column][\/et_pb_row][\/et_pb_section][et_pb_section fb_built=&#8221;1&#8243; _builder_version=&#8221;4.27.4&#8243; _module_preset=&#8221;default&#8221; custom_padding=&#8221;21px|||||&#8221; locked=&#8221;off&#8221; global_colors_info=&#8221;{}&#8221;][et_pb_row _builder_version=&#8221;4.27.4&#8243; _module_preset=&#8221;default&#8221; global_colors_info=&#8221;{}&#8221;][et_pb_column type=&#8221;4_4&#8243; _builder_version=&#8221;4.27.4&#8243; _module_preset=&#8221;default&#8221; global_colors_info=&#8221;{}&#8221;][et_pb_text _builder_version=&#8221;4.27.4&#8243; _module_preset=&#8221;default&#8221; global_colors_info=&#8221;{}&#8221;]<\/p>\n<h1>Dobrodo\u0161li<\/h1>\n<p>[\/et_pb_text][\/et_pb_column][\/et_pb_row][et_pb_row column_structure=&#8221;3_5,2_5&#8243; _builder_version=&#8221;4.27.4&#8243; _module_preset=&#8221;default&#8221; global_colors_info=&#8221;{}&#8221;][et_pb_column type=&#8221;3_5&#8243; _builder_version=&#8221;4.27.4&#8243; _module_preset=&#8221;default&#8221; global_colors_info=&#8221;{}&#8221;][et_pb_text _builder_version=&#8221;4.27.4&#8243; _module_preset=&#8221;default&#8221; global_colors_info=&#8221;{}&#8221;]<\/p>\n<p>Dobrodo\u0161li na 12. CIHT konferenciju, me\u0111unarodnu konferenciju posve\u0107enu zdravstvenom turizmu! Crikvenica je bila jedno od prvih odredi\u0161ta u Hrvatskoj u kojem se zdravstveni turizam po\u010deo razvijati jo\u0161 u 19. stolje\u0107u. Ova duga i va\u017ena tradicija oduvijek je imala iste osnovne ciljeve: vrhunske zdravstvene usluge, kontinuirana ulaganja u kvalitetu u skladu s najnovijim trendovima te razvoj ljudskih resursa. Svijest o bezvremenoj va\u017enosti zdravlja i dobrobiti vrlo je va\u017ean dio svakodnevnog \u017eivota na Rivijeri Crikvenica.  <\/p>\n<p>Takva usmjerenost dala je plodove u obliku na\u0161e prve konferencije o zdravstvenom turizmu, odr\u017eane u rujnu 2013. godine povodom 125. obljetnice turizma u Crikvenici. Tijekom proteklih godina Crikvenica International Health Tourism Conference (CIHT) postala je prepoznat doga\u0111aj koji okuplja neke od vode\u0107ih svjetskih stru\u010dnjaka iz podru\u010dja zdravstva, turizma i poslovanja. Organizatori konferencije su Turisti\u010dka zajednica Grada Crikvenice i Klaster zdravstvenog turizma Kvarnera, dok su suorganizatori Thalassotherapia Crikvenica i Poliklinika Terme Selce.  <\/p>\n<p>CIHT konferencija odr\u017eat \u0107e se ove godine dvanaesti put zaredom, 22. i 23. listopada 2025. godine. Mjesto odr\u017eavanja je Hotel Omorika u Crikvenici. <\/p>\n<p>Konferencija CIHT 2025 ugostit \u0107e vi\u0161e od 15 eminentnih me\u0111unarodnih govornika iz zemalja diljem svijeta. Zahvalni smo svima njima \u0161to su izdvojili svoje vrijeme kako bi podijelili svoje dragocjeno iskustvo i znanje s nama. Ve\u0107ina ovih govornika tako\u0111er je povezana s korporativnim sektorom, tj. tvrtkama koje ula\u017eu i upravljaju ovim podru\u010djem. Prioritet Konferencije je postizanje kvalitete sadr\u017eaja, \u0161to uklju\u010duje i primjenjivost podijeljenog znanja i stru\u010dnosti. Ovogodi\u0161nja CIHT Konferencija nastavlja doprinositi aktualnom teorijskom znanju kao i praksi, nagla\u0161avaju\u0107i strate\u0161ku va\u017enost razvoja zdravstvenog turizma. CIHT Konferencija stje\u010de sve ve\u0107e priznanje u struci. Posebno zahvaljujemo dugogodi\u0161njim sponzorima Konferencije, Ministarstvu turizma i sporta te Ministarstvu zdravstva Republike Hrvatske i svim na\u0161im partnerima. Tako\u0111er zahvaljujemo svima koji su sudjelovali u organizaciji ovogodi\u0161nje Konferencije, i uvjereni smo da \u0107e CIHT 2025 ponovno dokazati vrijednost suradnje izme\u0111u zdravstvenih usluga, turizma i poslovanja, zajedno sa svima ostalima koji izravno ili neizravno utje\u010du na ovaj sektor, trasiraju\u0107i zajedni\u010dki put prema uspjehu.       <\/p>\n<p>Hvala vam na sudjelovanju. Vjerujemo da \u0107ete u\u017eivati u brojnim zanimljivim temama, edukativnim predavanjima i konstruktivnim raspravama na ovogodi\u0161njoj CIHT konferenciji.  Veselimo se ponovnom susretu 2026. godine!<\/p>\n<p>&nbsp;<\/p>\n<p><strong>Organizatori:<\/strong><\/p>\n<p><strong>TURISTI\u010cKA ZAJEDNICA GRADA CRIKVENICE<\/strong><\/p>\n<p>Turisti\u010dka zajednica Grada Crikvenice obuhva\u0107a sredi\u0161nji turisti\u010dki ured i \u010detiri turisti\u010dko-informativna centra u obalnim mjestima crikveni\u010dke rivijere: u Crikvenici, Dramlju, Jadranovu i Selcu. Njena osnovna vizija i misija su stalno ulaganje u kvalitetu te u\u010dinkovito povezivanje postoje\u0107ih usluga i sadr\u017eaja na Rivijeri s ciljem pove\u0107anja broja posjetitelja i njihove razine zadovoljstva. Ostali ciljevi uklju\u010duju stvaranje novih zanimljivih usluga, aktivnosti, destinacijskih brendova i marketin\u0161kih strategija kako bi Rivijera Crikvenica bila prepoznatljiva na tr\u017ei\u0161tu kao po\u017eeljna destinacija za odmor, zabavu, opu\u0161tanje, sport i rekreaciju.  <\/p>\n<p>Prilikom razvoja novih aktivnosti i podizanja kvalitete postoje\u0107ih, Turisti\u010dka zajednica Grada Crikvenice prati globalne trendove, a istodobno po\u0161tuje lokalne tradicije i uklju\u010duje tipi\u010dne zna\u010dajke destinacije. Ima bogato iskustvo u razvoju razli\u010ditih projekata i organizaciji brojnih kulturnih, zabavnih, tradicijskih, gastronomskih, sportskih, rekreativnih i drugih doga\u0111anja. Turisti\u010dka zajednica Grada Crikvenice tako\u0111er je zadu\u017eena za brojne promotivne aktivnosti, poput izrade razli\u010ditih digitalnih i tiskanih materijala, offline i online ogla\u0161avanja na hrvatskom i inozemnim tr\u017ei\u0161tima, ciljane promocije destinacije na najva\u017enijim emitivnim tr\u017ei\u0161tima (sajmovi, prezentacije) te organizacije studijskih putovanja za novinare i agente.  <\/p>\n<p>TZG Crikvenice tako\u0111er koordinira aktivnosti u destinaciji i sura\u0111uje sa svim subjektima \u010dije je poslovanje izravno ili neizravno vezano uz turizam. Pru\u017eanje jedinstvenog i nezaboravnog do\u017eivljaja osnovna je smjernica pri kreiranju projekata. Turisti\u010dka zajednica Grada Crikvenice nastoji inspirirati posjetitelje na aktivno sudjelovanje u doga\u0111anjima organiziranjem ribarskih ili jedrili\u010darskih manifestacija, turnira u bo\u0107anju ili kuhanja tradicijskih jela u dru\u0161tvu doma\u0107ina. Ovi napori i inovativnost prepoznati su i na me\u0111unarodnoj razini: 2014. godine mre\u017ea Creative Tourism Network proglasila je Turisti\u010dku zajednicu Grada Crikvenice najkreativnijom destinacijom na svijetu. Osnovni kriterij za ovu nagradu bio je uklju\u010divanje posjetitelja u \u017eivot lokalne zajednice.    <\/p>\n<p><strong> <\/strong><\/p>\n<p><strong>KLASTER ZDRAVSTVENOG TURIZMA KVARNERA<\/strong><\/p>\n<p>Klaster zdravstvenog turizma Kvarnera okuplja \u010dlanove iz medicinskog, turisti\u010dkog i sveu\u010dili\u0161nog sektora, kao i prate\u0107ih usluga, s ciljem stvaranja prepoznatljivog i konkurentnog proizvoda zdravstvenog turizma na lokalnoj i me\u0111unarodnoj razini. Na\u0161a organizacija podrazumijeva pripremu i plasman prepoznatljivog i konkurentnog proizvoda zdravstvenog turizma koji mora pratiti svjetske trendove, tradiciju, resursnu osnovu i specifi\u010dnosti destinacije. Usmjereni smo na ja\u010danje i razvoj zdravstvenog turizma na Kvarneru, u skladu sa strate\u0161kim dokumentima koji destinaciju definiraju kao \u201edestinaciju zdravlja\u201c.  <\/p>\n<p>Klaster sustavno i aktivno djeluje na poticanju sinergijskih procesa usmjerenih prema unaprje\u0111enju raspona i kvalitete cjelokupne ponude zdravstvenog turizma Kvarnera kao destinacije zdravlja, kroz zajedni\u010dki plasman usluga na tr\u017ei\u0161tu zdravstvenog turizma, s ciljem pove\u0107anja stupnja iskori\u0161tenosti kapaciteta i ukupnog razvitka Kvarnera kao turisti\u010dke destinacije u cjelini. Kvarner je, kao turisti\u010dka destinacija, pozicioniran me\u0111u vode\u0107e \u201edestinacije zdravlja\u201c na karti Europe, pa i \u0161ire. Prepoznatljivi smo po cjelogodi\u0161njoj ponudi visokokvalitetnih usluga u zdravstvenom turizmu, utemeljenoj na suvremenim trendovima, resursnoj osnovi i tradiciji.  <\/p>\n<p>[\/et_pb_text][et_pb_button button_url=&#8221;https:\/\/register.empl.io\/CIHT2025?locale=hr&#8221; url_new_window=&#8221;on&#8221; button_text=&#8221;REGISTRIRAJ SE&#8221; button_alignment=&#8221;center&#8221; _builder_version=&#8221;4.27.4&#8243; _module_preset=&#8221;default&#8221; custom_button=&#8221;on&#8221; button_font=&#8221;|600|||||||&#8221; locked=&#8221;off&#8221; global_colors_info=&#8221;{}&#8221;][\/et_pb_button][\/et_pb_column][et_pb_column type=&#8221;2_5&#8243; _builder_version=&#8221;4.27.4&#8243; _module_preset=&#8221;default&#8221; global_colors_info=&#8221;{}&#8221;][et_pb_image src=&#8221;https:\/\/dev.ciht.eu\/wp-content\/uploads\/2025\/06\/ciht_0932.jpg&#8221; title_text=&#8221;ciht_0932&#8243; show_in_lightbox=&#8221;on&#8221; align=&#8221;center&#8221; _builder_version=&#8221;4.27.4&#8243; _module_preset=&#8221;default&#8221; global_colors_info=&#8221;{}&#8221;][\/et_pb_image][et_pb_image src=&#8221;https:\/\/dev.ciht.eu\/wp-content\/uploads\/2025\/06\/ciht_0945.jpg&#8221; title_text=&#8221;ciht_0945&#8243; show_in_lightbox=&#8221;on&#8221; align=&#8221;center&#8221; _builder_version=&#8221;4.27.4&#8243; _module_preset=&#8221;default&#8221; global_colors_info=&#8221;{}&#8221;][\/et_pb_image][et_pb_image src=&#8221;https:\/\/ciht.eu\/wp-content\/uploads\/2025\/09\/MG_8255.jpg&#8221; title_text=&#8221;_MG_8255&#8243; show_in_lightbox=&#8221;on&#8221; align=&#8221;center&#8221; _builder_version=&#8221;4.27.4&#8243; _module_preset=&#8221;default&#8221; global_colors_info=&#8221;{}&#8221;][\/et_pb_image][et_pb_image src=&#8221;https:\/\/ciht.eu\/wp-content\/uploads\/2025\/09\/Exterior-Omorika-3.jpg&#8221; title_text=&#8221;Exterior Omorika (3)&#8221; show_in_lightbox=&#8221;on&#8221; align=&#8221;center&#8221; _builder_version=&#8221;4.27.4&#8243; _module_preset=&#8221;default&#8221; global_colors_info=&#8221;{}&#8221;][\/et_pb_image][\/et_pb_column][\/et_pb_row][\/et_pb_section]<\/p>\n","protected":false},"excerpt":{"rendered":"<p>Dobrodo\u0161liDobrodo\u0161li na 12. CIHT konferenciju, me\u0111unarodnu konferenciju posve\u0107enu zdravstvenom turizmu! Crikvenica je bila jedno od prvih odredi\u0161ta u Hrvatskoj u kojem se zdravstveni turizam po\u010deo razvijati jo\u0161 u 19. stolje\u0107u. Ova duga i va\u017ena tradicija oduvijek je imala iste osnovne ciljeve: vrhunske zdravstvene usluge, kontinuirana ulaganja u kvalitetu u skladu s najnovijim trendovima te razvoj [&hellip;]<\/p>\n","protected":false},"author":1,"featured_media":0,"parent":0,"menu_order":0,"comment_status":"closed","ping_status":"closed","template":"","meta":{"_et_pb_use_builder":"on","_et_pb_old_content":"","_et_gb_content_width":"","footnotes":""},"class_list":["post-21656","page","type-page","status-publish","hentry"],"_links":{"self":[{"href":"https:\/\/ciht.eu\/hr\/wp-json\/wp\/v2\/pages\/21656","targetHints":{"allow":["GET"]}}],"collection":[{"href":"https:\/\/ciht.eu\/hr\/wp-json\/wp\/v2\/pages"}],"about":[{"href":"https:\/\/ciht.eu\/hr\/wp-json\/wp\/v2\/types\/page"}],"author":[{"embeddable":true,"href":"https:\/\/ciht.eu\/hr\/wp-json\/wp\/v2\/users\/1"}],"replies":[{"embeddable":true,"href":"https:\/\/ciht.eu\/hr\/wp-json\/wp\/v2\/comments?post=21656"}],"version-history":[{"count":25,"href":"https:\/\/ciht.eu\/hr\/wp-json\/wp\/v2\/pages\/21656\/revisions"}],"predecessor-version":[{"id":22246,"href":"https:\/\/ciht.eu\/hr\/wp-json\/wp\/v2\/pages\/21656\/revisions\/22246"}],"wp:attachment":[{"href":"https:\/\/ciht.eu\/hr\/wp-json\/wp\/v2\/media?parent=21656"}],"curies":[{"name":"wp","href":"https:\/\/api.w.org\/{rel}","templated":true}]}}