{"id":21669,"date":"2025-06-10T14:33:05","date_gmt":"2025-06-10T12:33:05","guid":{"rendered":"https:\/\/ciht.eu\/registracija\/"},"modified":"2025-10-14T13:59:31","modified_gmt":"2025-10-14T11:59:31","slug":"registracija","status":"publish","type":"page","link":"https:\/\/ciht.eu\/hr\/registracija\/","title":{"rendered":"Registracija"},"content":{"rendered":"<p>[et_pb_section fb_built=&#8221;1&#8243; _builder_version=&#8221;4.27.4&#8243; _module_preset=&#8221;default&#8221; background_color=&#8221;#f4ede4&#8243; custom_padding=&#8221;1em||1em||true|false&#8221; global_module=&#8221;21853&#8243; saved_tabs=&#8221;all&#8221; locked=&#8221;off&#8221; global_colors_info=&#8221;{}&#8221;][et_pb_row _builder_version=&#8221;4.27.4&#8243; _module_preset=&#8221;default&#8221; background_image=&#8221;https:\/\/ciht.eu\/wp-content\/uploads\/2025\/09\/12_CIHT_logo_DATUM_HR.svg&#8221; background_size=&#8221;contain&#8221; positioning=&#8221;none&#8221; position_origin_a=&#8221;center_center&#8221; width_tablet=&#8221;94%&#8221; width_phone=&#8221;94%&#8221; width_last_edited=&#8221;on|phone&#8221; height=&#8221;300px&#8221; height_tablet=&#8221;200px&#8221; height_phone=&#8221;100px&#8221; height_last_edited=&#8221;on|phone&#8221; custom_margin=&#8221;||0px||false|false&#8221; custom_margin_tablet=&#8221;||0px||false|false&#8221; custom_margin_phone=&#8221;||0px||false|false&#8221; custom_margin_last_edited=&#8221;on|phone&#8221; custom_padding=&#8221;5px||5px||true|false&#8221; locked=&#8221;off&#8221; global_colors_info=&#8221;{}&#8221;][et_pb_column type=&#8221;4_4&#8243; _builder_version=&#8221;4.27.4&#8243; _module_preset=&#8221;default&#8221; global_colors_info=&#8221;{}&#8221;][\/et_pb_column][\/et_pb_row][et_pb_row custom_padding_last_edited=&#8221;on|desktop&#8221; _builder_version=&#8221;4.27.4&#8243; _module_preset=&#8221;default&#8221; custom_padding=&#8221;1em||1em||true|false&#8221; custom_padding_tablet=&#8221;1em||1em||true|false&#8221; custom_padding_phone=&#8221;1em||1em||true|false&#8221; global_colors_info=&#8221;{}&#8221;][et_pb_column type=&#8221;4_4&#8243; _builder_version=&#8221;4.27.4&#8243; _module_preset=&#8221;default&#8221; global_colors_info=&#8221;{}&#8221;][et_pb_button button_url=&#8221;https:\/\/register.empl.io\/CIHT2025?locale=hr&#8221; url_new_window=&#8221;on&#8221; button_text=&#8221;REGISTRIRAJ SE&#8221; button_alignment=&#8221;center&#8221; _builder_version=&#8221;4.27.4&#8243; _module_preset=&#8221;default&#8221; custom_button=&#8221;on&#8221; button_text_size=&#8221;22px&#8221; button_text_color=&#8221;#7EBEC5&#8243; button_font=&#8221;|600|||||||&#8221; global_colors_info=&#8221;{}&#8221;][\/et_pb_button][\/et_pb_column][\/et_pb_row][\/et_pb_section][et_pb_section fb_built=&#8221;1&#8243; _builder_version=&#8221;4.27.4&#8243; _module_preset=&#8221;default&#8221; global_colors_info=&#8221;{}&#8221;][et_pb_row _builder_version=&#8221;4.27.4&#8243; _module_preset=&#8221;default&#8221; global_colors_info=&#8221;{}&#8221;][et_pb_column type=&#8221;4_4&#8243; _builder_version=&#8221;4.27.4&#8243; _module_preset=&#8221;default&#8221; global_colors_info=&#8221;{}&#8221;][et_pb_text _builder_version=&#8221;4.27.4&#8243; _module_preset=&#8221;default&#8221; global_colors_info=&#8221;{}&#8221;]<\/p>\n<h2 class=\"font_7\"><span><strong>Registracija za 12. CIHT konferenciju<\/strong><\/span><\/h2>\n<p>[\/et_pb_text][\/et_pb_column][\/et_pb_row][et_pb_row column_structure=&#8221;1_3,1_3,1_3&#8243; _builder_version=&#8221;4.27.4&#8243; _module_preset=&#8221;default&#8221; global_colors_info=&#8221;{}&#8221;][et_pb_column type=&#8221;1_3&#8243; _builder_version=&#8221;4.27.4&#8243; _module_preset=&#8221;default&#8221; global_colors_info=&#8221;{}&#8221;][et_pb_blurb title=&#8221;RANA PRIJAVA&#8221; url_new_window=&#8221;on&#8221; use_icon=&#8221;on&#8221; font_icon=&#8221;&#xe05a;||divi||400&#8243; _builder_version=&#8221;4.27.4&#8243; _module_preset=&#8221;default&#8221; header_font=&#8221;|700|||||||&#8221; header_text_color=&#8221;#FFFFFF&#8221; body_text_color=&#8221;#FFFFFF&#8221; background_color=&#8221;#169992&#8243; text_orientation=&#8221;center&#8221; custom_padding=&#8221;1em||1em||true|false&#8221; link_option_url=&#8221;https:\/\/register.empl.io\/CIHT2025?locale=hr&#8221; hover_enabled=&#8221;0&#8243; border_radii=&#8221;on|10px|10px|10px|10px&#8221; global_colors_info=&#8221;{}&#8221; disabled_on=&#8221;on|on|on&#8221; disabled=&#8221;on&#8221; sticky_enabled=&#8221;0&#8243;]<\/p>\n<p><strong>270 EUR<\/strong><br \/>do 10. rujna 2025.<\/p>\n<p>[\/et_pb_blurb][\/et_pb_column][et_pb_column type=&#8221;1_3&#8243; _builder_version=&#8221;4.27.4&#8243; _module_preset=&#8221;default&#8221; global_colors_info=&#8221;{}&#8221;][et_pb_blurb title=&#8221;REGISTRACIJA&#8221; url_new_window=&#8221;on&#8221; use_icon=&#8221;on&#8221; font_icon=&#8221;&#xe05a;||divi||400&#8243; _builder_version=&#8221;4.27.4&#8243; _module_preset=&#8221;default&#8221; header_font=&#8221;|700|||||||&#8221; header_text_color=&#8221;#FFFFFF&#8221; body_text_color=&#8221;#FFFFFF&#8221; background_color=&#8221;#169992&#8243; text_orientation=&#8221;center&#8221; custom_padding=&#8221;1em||1em||true|false&#8221; link_option_url=&#8221;https:\/\/register.empl.io\/CIHT2025?locale=hr&#8221; hover_enabled=&#8221;0&#8243; border_radii=&#8221;on|10px|10px|10px|10px&#8221; global_colors_info=&#8221;{}&#8221; sticky_enabled=&#8221;0&#8243;]<\/p>\n<p><strong>300 eur<\/strong><\/p>\n<p>[\/et_pb_blurb][et_pb_button button_url=&#8221;https:\/\/register.empl.io\/CIHT2025?locale=hr&#8221; url_new_window=&#8221;on&#8221; button_text=&#8221;REGISTRIRAJ SE&#8221; button_alignment=&#8221;center&#8221; _builder_version=&#8221;4.27.4&#8243; _module_preset=&#8221;default&#8221; custom_button=&#8221;on&#8221; button_font=&#8221;|600|||||||&#8221; locked=&#8221;off&#8221; global_colors_info=&#8221;{}&#8221;][\/et_pb_button][\/et_pb_column][et_pb_column type=&#8221;1_3&#8243; _builder_version=&#8221;4.27.4&#8243; _module_preset=&#8221;default&#8221; global_colors_info=&#8221;{}&#8221;][et_pb_blurb title=&#8221;LATE REGISTRATION&#8221; url_new_window=&#8221;on&#8221; use_icon=&#8221;on&#8221; font_icon=&#8221;&#xe05a;||divi||400&#8243; _builder_version=&#8221;4.27.4&#8243; _module_preset=&#8221;default&#8221; header_font=&#8221;|700|||||||&#8221; header_text_color=&#8221;#FFFFFF&#8221; body_text_color=&#8221;#FFFFFF&#8221; background_color=&#8221;#169992&#8243; text_orientation=&#8221;center&#8221; custom_padding=&#8221;1em||1em||true|false&#8221; link_option_url=&#8221;https:\/\/register.empl.io\/CIHT2025?locale=hr&#8221; hover_enabled=&#8221;0&#8243; border_radii=&#8221;on|10px|10px|10px|10px&#8221; global_colors_info=&#8221;{}&#8221; disabled_on=&#8221;on|on|on&#8221; disabled=&#8221;on&#8221; sticky_enabled=&#8221;0&#8243;]<\/p>\n<p><strong>330 EUR<\/strong><br \/><span>od 11. listopada<\/span><\/p>\n<p>[\/et_pb_blurb][\/et_pb_column][\/et_pb_row][et_pb_row _builder_version=&#8221;4.27.4&#8243; _module_preset=&#8221;default&#8221; global_colors_info=&#8221;{}&#8221;][et_pb_column type=&#8221;4_4&#8243; _builder_version=&#8221;4.27.4&#8243; _module_preset=&#8221;default&#8221; global_colors_info=&#8221;{}&#8221;][et_pb_text _builder_version=&#8221;4.27.4&#8243; _module_preset=&#8221;default&#8221; global_colors_info=&#8221;{}&#8221;]<\/p>\n<h5>Po\u0161tovani CIHT sudionici,<\/h5>\n<p>Ako ste stru\u010dnjak u podru\u010dju zdravstva, medicine, turizma ili marketinga, ovo je doga\u0111aj koji ne smijete propustiti.<\/p>\n<p>Prijava za 12. CIHT konferenciju je obavezna!<\/p>\n<p>Kotizacija za registraciju osigurava:<\/p>\n<ul>\n<li><span>sudjelovanje na konferenciji i B2B sastancima<\/span><\/li>\n<li><span>kavu u pauzama<\/span><\/li>\n<li><span>ru\u010dkove<\/span><\/li>\n<li><span>ve\u010dera uz program za umre\u017eavanje<\/span><\/li>\n<li><span>posjet zdravstvenim ustanovama<\/span><\/li>\n<li><span>pristup prijavi i materijalima konferencije<\/span><\/li>\n<\/ul>\n<p><!-- 1x welcome drink 2x lunch 2x coffee breaks 1x Destination Tour 1x 12th CIHT Dinner Party --><br \/>Ako se odlu\u010dite pratiti konferenciju samo 1 dan, molimo vas da tu informaciju ostavite u komentarima prilikom ispunjavanja obrasca.<\/p>\n<p>Za sva pitanja, kontaktirajte nas na <strong><a href=\"mailto:info@ciht.eu\">info@ciht.eu<\/a> or <a href=\"mailto:pnikolic@medadria.com\">pnikolic@medadria.com<\/a><\/strong><\/p>\n<p>[\/et_pb_text][et_pb_button button_url=&#8221;https:\/\/register.empl.io\/CIHT2025?locale=hr&#8221; url_new_window=&#8221;on&#8221; button_text=&#8221;REGISTRIRAJ SE&#8221; button_alignment=&#8221;center&#8221; _builder_version=&#8221;4.27.4&#8243; _module_preset=&#8221;default&#8221; custom_button=&#8221;on&#8221; button_font=&#8221;|600|||||||&#8221; locked=&#8221;off&#8221; global_colors_info=&#8221;{}&#8221;][\/et_pb_button][\/et_pb_column][\/et_pb_row][\/et_pb_section]<\/p>\n","protected":false},"excerpt":{"rendered":"<p>Registracija za 12. CIHT konferenciju270 EURdo 10. rujna 2025.300 eur330 EURod 11. listopadaPo\u0161tovani CIHT sudionici, Ako ste stru\u010dnjak u podru\u010dju zdravstva, medicine, turizma ili marketinga, ovo je doga\u0111aj koji ne smijete propustiti. Prijava za 12. CIHT konferenciju je obavezna! Kotizacija za registraciju osigurava: sudjelovanje na konferenciji i B2B sastancima kavu u pauzama ru\u010dkove ve\u010dera uz [&hellip;]<\/p>\n","protected":false},"author":1,"featured_media":0,"parent":0,"menu_order":0,"comment_status":"closed","ping_status":"closed","template":"","meta":{"_et_pb_use_builder":"on","_et_pb_old_content":"","_et_gb_content_width":"","footnotes":""},"class_list":["post-21669","page","type-page","status-publish","hentry"],"_links":{"self":[{"href":"https:\/\/ciht.eu\/hr\/wp-json\/wp\/v2\/pages\/21669","targetHints":{"allow":["GET"]}}],"collection":[{"href":"https:\/\/ciht.eu\/hr\/wp-json\/wp\/v2\/pages"}],"about":[{"href":"https:\/\/ciht.eu\/hr\/wp-json\/wp\/v2\/types\/page"}],"author":[{"embeddable":true,"href":"https:\/\/ciht.eu\/hr\/wp-json\/wp\/v2\/users\/1"}],"replies":[{"embeddable":true,"href":"https:\/\/ciht.eu\/hr\/wp-json\/wp\/v2\/comments?post=21669"}],"version-history":[{"count":7,"href":"https:\/\/ciht.eu\/hr\/wp-json\/wp\/v2\/pages\/21669\/revisions"}],"predecessor-version":[{"id":22543,"href":"https:\/\/ciht.eu\/hr\/wp-json\/wp\/v2\/pages\/21669\/revisions\/22543"}],"wp:attachment":[{"href":"https:\/\/ciht.eu\/hr\/wp-json\/wp\/v2\/media?parent=21669"}],"curies":[{"name":"wp","href":"https:\/\/api.w.org\/{rel}","templated":true}]}}