{"id":21680,"date":"2025-06-13T10:35:32","date_gmt":"2025-06-13T08:35:32","guid":{"rendered":"https:\/\/ciht.eu\/destinacija\/"},"modified":"2025-09-12T15:31:04","modified_gmt":"2025-09-12T13:31:04","slug":"destinacija","status":"publish","type":"page","link":"https:\/\/ciht.eu\/hr\/destinacija\/","title":{"rendered":"Destinacija"},"content":{"rendered":"<p>[et_pb_section fb_built=&#8221;1&#8243; _builder_version=&#8221;4.27.4&#8243; _module_preset=&#8221;default&#8221; background_color=&#8221;#f4ede4&#8243; custom_padding=&#8221;1em||1em||true|false&#8221; global_colors_info=&#8221;{}&#8221; global_module=&#8221;21853&#8243; saved_tabs=&#8221;all&#8221; locked=&#8221;off&#8221;][et_pb_row _builder_version=&#8221;4.27.4&#8243; _module_preset=&#8221;default&#8221; background_image=&#8221;https:\/\/ciht.eu\/wp-content\/uploads\/2025\/09\/12_CIHT_logo_DATUM_ENG.svg&#8221; background_size=&#8221;contain&#8221; positioning=&#8221;none&#8221; position_origin_a=&#8221;center_center&#8221; width_tablet=&#8221;94%&#8221; width_phone=&#8221;94%&#8221; width_last_edited=&#8221;on|phone&#8221; height=&#8221;300px&#8221; height_tablet=&#8221;200px&#8221; height_phone=&#8221;100px&#8221; height_last_edited=&#8221;on|phone&#8221; custom_margin=&#8221;||0px||false|false&#8221; custom_margin_tablet=&#8221;||0px||false|false&#8221; custom_margin_phone=&#8221;||0px||false|false&#8221; custom_margin_last_edited=&#8221;on|phone&#8221; custom_padding=&#8221;5px||5px||true|false&#8221; locked=&#8221;off&#8221; global_colors_info=&#8221;{}&#8221;][et_pb_column type=&#8221;4_4&#8243; _builder_version=&#8221;4.27.4&#8243; _module_preset=&#8221;default&#8221; global_colors_info=&#8221;{}&#8221;][\/et_pb_column][\/et_pb_row][et_pb_row custom_padding_last_edited=&#8221;on|desktop&#8221; _builder_version=&#8221;4.27.4&#8243; _module_preset=&#8221;default&#8221; custom_padding=&#8221;1em||1em||true|false&#8221; custom_padding_tablet=&#8221;1em||1em||true|false&#8221; custom_padding_phone=&#8221;1em||1em||true|false&#8221; global_colors_info=&#8221;{}&#8221;][et_pb_column type=&#8221;4_4&#8243; _builder_version=&#8221;4.27.4&#8243; _module_preset=&#8221;default&#8221; global_colors_info=&#8221;{}&#8221;][et_pb_button button_url=&#8221;https:\/\/register.empl.io\/CIHT2025?locale=hr&#8221; url_new_window=&#8221;on&#8221; button_text=&#8221;REGISTRIRAJ SE&#8221; button_alignment=&#8221;center&#8221; _builder_version=&#8221;4.27.4&#8243; _module_preset=&#8221;default&#8221; custom_button=&#8221;on&#8221; button_text_size=&#8221;22px&#8221; button_text_color=&#8221;#7EBEC5&#8243; button_font=&#8221;|600|||||||&#8221; global_colors_info=&#8221;{}&#8221;][\/et_pb_button][\/et_pb_column][\/et_pb_row][\/et_pb_section][et_pb_section fb_built=&#8221;1&#8243; _builder_version=&#8221;4.27.4&#8243; _module_preset=&#8221;default&#8221; global_colors_info=&#8221;{}&#8221;][et_pb_row _builder_version=&#8221;4.27.4&#8243; _module_preset=&#8221;default&#8221; global_colors_info=&#8221;{}&#8221;][et_pb_column type=&#8221;4_4&#8243; _builder_version=&#8221;4.27.4&#8243; _module_preset=&#8221;default&#8221; global_colors_info=&#8221;{}&#8221;][et_pb_text _builder_version=&#8221;4.27.4&#8243; _module_preset=&#8221;default&#8221; global_colors_info=&#8221;{}&#8221;]<\/p>\n<h1>O destinaciji<\/h1>\n<p>[\/et_pb_text][\/et_pb_column][\/et_pb_row][et_pb_row column_structure=&#8221;3_5,2_5&#8243; _builder_version=&#8221;4.27.4&#8243; _module_preset=&#8221;default&#8221; global_colors_info=&#8221;{}&#8221;][et_pb_column type=&#8221;3_5&#8243; _builder_version=&#8221;4.27.4&#8243; _module_preset=&#8221;default&#8221; global_colors_info=&#8221;{}&#8221;][et_pb_text _builder_version=&#8221;4.27.4&#8243; _module_preset=&#8221;default&#8221; global_colors_info=&#8221;{}&#8221;]<\/p>\n<div class=\"et_pb_text et_pb_module et_pb_bg_layout_light et_pb_text_align_left et_pb_text_1\">\n<h2>Rivijera Crikvenica<\/h2>\n<p>Rivijera Crikvenica smje\u0161tena je u jednom od najljep\u0161ih kutaka Kvarnera i obuhva\u0107a \u0161armantna turisti\u010dka mjesta Crikvenicu, Dramalj, Jadranovo i Selce.<\/p>\n<p>Zahvaljuju\u0107i povoljnim prirodnim obilje\u017ejima, ova je rivijera jo\u0161 u 19. stolje\u0107u zapo\u010dela njegovati tradiciju zdravstvenog turizma. Blaga i zdrava klima, mikroklima, \u010dist zrak i more, povoljna insolacija i vegetacija doprinose prevenciji raznih bolesti, rehabilitaciji i pobolj\u0161anju kvalitete \u017eivota. Ako tra\u017eite destinaciju u kojoj u istome danu mo\u017eete plivati u moru, \u0161etati pje\u0161\u010danom pla\u017eom udi\u0161u\u0107i mirise Mediterana, a nave\u010der se zabaviti u gradu ili opustiti u ti\u0161ini zelenog zale\u0111a \u2013 ovo je pravi izbor za vas.  <\/p>\n<p>Crikvenica je oduvijek bila destinacija s izvrsnim prirodnim uvjetima za razvoj zdravstvenog turizma. Uz to, danas se ovdje nalaze i vrhunski stru\u010dnjaci u uglednim ustanovama: Specijalna bolnica za medicinsku rehabilitaciju bolesti respiratornih organa i lokomotornog sustava \u201eThalassotherapia Crikvenica\u201c, Poliklinika \u201eTerme Selce\u201c, Poliklinika za hiperbari\u010dnu medicinu \u201eOXY\u201c te druge razne specijalisti\u010dke slu\u017ebe. <\/p>\n<p>Ovdje je uvijek zanimljivo, s vi\u0161e od 250 razli\u010ditih doga\u0111anja tijekom godine, poput Ma\u0161kara, Experience Crikvenica Gastro, Health &amp; Outdoor (proljetno i jesensko izdanje), Festivala jagoda, Etno festivala (Sr)etno Selce, Festivala Na palade, festivala uli\u010dnih zabavlja\u010da CrikvArt, manifestacije Moja mala kala, Pliva\u010dkog maratona \u0160ilo\u2013Crikvenica, Dana turizma, Mjeseca plave ribe ili Ribarskog tjedna te drugih glazbenih i sportskih doga\u0111anja.<\/p>\n<p>Crikveni\u010dko \u2013 vinodolska rivijera raspola\u017ee s oko 200 km pje\u0161a\u010dkih i planinarskih staza te 425 km biciklisti\u010dkih staza. Ovo je savr\u0161eno mjesto za u\u017eivanje u \u0161etnjama, tr\u010danju, vo\u017enji biciklom i gotovo svim drugim sportskim aktivnostima na kopnu i na moru. U Crikvenici mo\u017eete jednostavno pro\u0161etati jednom od najljep\u0161ih pje\u0161\u010danih pla\u017ea na Jadranu, prekrasnom Ljubavnom cesticom ili mirisnim Mediteranskim labirintom ljubavi.  <\/p>\n<p>Tradicionalna gastronomija odi\u0161e Mediteranom, a bogata je ribom, plodovima mora, povr\u0107em, maslinovim uljem, prirodnim aromati\u010dnim biljem i drugim zdravim sastojcima. Neki restorani i hoteli koji se nalaze na Cesti plave ribe u svojoj ponudi imaju posebno pripremljena ukusna jela od plave ribe, a sve to temelji se na poznatoj ribarskoj tradiciji. <\/p>\n<p>Smje\u0161taj je dostupan u hotelima, privatnom smje\u0161taju, kampovima, hostelima i drugim vrstama smje\u0161taja (ukupni kapacitet \u2013 vi\u0161e od 24.600 le\u017eajeva).<\/p>\n<p>I zapamtite, ovaj kraj prekrasnih prirodnih ljepota te bogate kulturne i povijesne ba\u0161tine idealan je za sve generacije posjetitelja \u2013 od avanturista i ljubitelja \u017eivotinja do obitelji i onih koji tra\u017ee zabavu, uzbu\u0111enje i opu\u0161tanje na otvorenom.<\/p>\n<p><strong><a href=\"https:\/\/www.rivieracrikvenica.com\/en\" target=\"_blank\" rel=\"noopener\">Vi\u0161e informacija&#8230;<\/a><\/strong><\/p>\n<\/div>\n<p>[\/et_pb_text][et_pb_button button_url=&#8221;https:\/\/register.empl.io\/CIHT2025?locale=hr&#8221; url_new_window=&#8221;on&#8221; button_text=&#8221;REGISTRIRAJ SE&#8221; button_alignment=&#8221;center&#8221; _builder_version=&#8221;4.27.4&#8243; _module_preset=&#8221;default&#8221; custom_button=&#8221;on&#8221; button_font=&#8221;|600|||||||&#8221; locked=&#8221;off&#8221; global_colors_info=&#8221;{}&#8221;][\/et_pb_button][\/et_pb_column][et_pb_column type=&#8221;2_5&#8243; _builder_version=&#8221;4.27.4&#8243; _module_preset=&#8221;default&#8221; global_colors_info=&#8221;{}&#8221;][et_pb_image src=&#8221;https:\/\/dev.ciht.eu\/wp-content\/uploads\/2025\/06\/Crikvenica-5.jpg&#8221; title_text=&#8221;Crikvenica-5&#8243; show_in_lightbox=&#8221;on&#8221; align=&#8221;center&#8221; _builder_version=&#8221;4.27.4&#8243; _module_preset=&#8221;default&#8221; global_colors_info=&#8221;{}&#8221;][\/et_pb_image][et_pb_image src=&#8221;https:\/\/dev.ciht.eu\/wp-content\/uploads\/2025\/06\/Outdoor-29.jpg&#8221; title_text=&#8221;Outdoor-29&#8243; show_in_lightbox=&#8221;on&#8221; align=&#8221;center&#8221; _builder_version=&#8221;4.27.4&#8243; _module_preset=&#8221;default&#8221; global_colors_info=&#8221;{}&#8221;][\/et_pb_image][\/et_pb_column][\/et_pb_row][\/et_pb_section]<\/p>\n","protected":false},"excerpt":{"rendered":"<p>O destinaciji Rivijera Crikvenica Rivijera Crikvenica smje\u0161tena je u jednom od najljep\u0161ih kutaka Kvarnera i obuhva\u0107a \u0161armantna turisti\u010dka mjesta Crikvenicu, Dramalj, Jadranovo i Selce. Zahvaljuju\u0107i povoljnim prirodnim obilje\u017ejima, ova je rivijera jo\u0161 u 19. stolje\u0107u zapo\u010dela njegovati tradiciju zdravstvenog turizma. Blaga i zdrava klima, mikroklima, \u010dist zrak i more, povoljna insolacija i vegetacija doprinose prevenciji [&hellip;]<\/p>\n","protected":false},"author":1,"featured_media":0,"parent":0,"menu_order":0,"comment_status":"closed","ping_status":"closed","template":"","meta":{"_et_pb_use_builder":"on","_et_pb_old_content":"","_et_gb_content_width":"","footnotes":""},"class_list":["post-21680","page","type-page","status-publish","hentry"],"_links":{"self":[{"href":"https:\/\/ciht.eu\/hr\/wp-json\/wp\/v2\/pages\/21680","targetHints":{"allow":["GET"]}}],"collection":[{"href":"https:\/\/ciht.eu\/hr\/wp-json\/wp\/v2\/pages"}],"about":[{"href":"https:\/\/ciht.eu\/hr\/wp-json\/wp\/v2\/types\/page"}],"author":[{"embeddable":true,"href":"https:\/\/ciht.eu\/hr\/wp-json\/wp\/v2\/users\/1"}],"replies":[{"embeddable":true,"href":"https:\/\/ciht.eu\/hr\/wp-json\/wp\/v2\/comments?post=21680"}],"version-history":[{"count":5,"href":"https:\/\/ciht.eu\/hr\/wp-json\/wp\/v2\/pages\/21680\/revisions"}],"predecessor-version":[{"id":21883,"href":"https:\/\/ciht.eu\/hr\/wp-json\/wp\/v2\/pages\/21680\/revisions\/21883"}],"wp:attachment":[{"href":"https:\/\/ciht.eu\/hr\/wp-json\/wp\/v2\/media?parent=21680"}],"curies":[{"name":"wp","href":"https:\/\/api.w.org\/{rel}","templated":true}]}}