{"id":21683,"date":"2025-06-10T14:33:22","date_gmt":"2025-06-10T12:33:22","guid":{"rendered":"https:\/\/ciht.eu\/program\/"},"modified":"2025-10-21T12:36:22","modified_gmt":"2025-10-21T10:36:22","slug":"program","status":"publish","type":"page","link":"https:\/\/ciht.eu\/hr\/program\/","title":{"rendered":"Program"},"content":{"rendered":"<p>[et_pb_section fb_built=&#8221;1&#8243; _builder_version=&#8221;4.27.4&#8243; _module_preset=&#8221;default&#8221; background_color=&#8221;#f4ede4&#8243; custom_padding=&#8221;1em||1em||true|false&#8221; global_module=&#8221;21853&#8243; saved_tabs=&#8221;all&#8221; locked=&#8221;off&#8221; global_colors_info=&#8221;{}&#8221;][et_pb_row _builder_version=&#8221;4.27.4&#8243; _module_preset=&#8221;default&#8221; background_image=&#8221;https:\/\/ciht.eu\/wp-content\/uploads\/2025\/09\/12_CIHT_logo_DATUM_HR.svg&#8221; background_size=&#8221;contain&#8221; positioning=&#8221;none&#8221; position_origin_a=&#8221;center_center&#8221; width_tablet=&#8221;94%&#8221; width_phone=&#8221;94%&#8221; width_last_edited=&#8221;on|phone&#8221; height=&#8221;300px&#8221; height_tablet=&#8221;200px&#8221; height_phone=&#8221;100px&#8221; height_last_edited=&#8221;on|phone&#8221; custom_margin=&#8221;||0px||false|false&#8221; custom_margin_tablet=&#8221;||0px||false|false&#8221; custom_margin_phone=&#8221;||0px||false|false&#8221; custom_margin_last_edited=&#8221;on|phone&#8221; custom_padding=&#8221;5px||5px||true|false&#8221; locked=&#8221;off&#8221; global_colors_info=&#8221;{}&#8221;][et_pb_column type=&#8221;4_4&#8243; _builder_version=&#8221;4.27.4&#8243; _module_preset=&#8221;default&#8221; global_colors_info=&#8221;{}&#8221;][\/et_pb_column][\/et_pb_row][et_pb_row custom_padding_last_edited=&#8221;on|desktop&#8221; _builder_version=&#8221;4.27.4&#8243; _module_preset=&#8221;default&#8221; custom_padding=&#8221;1em||1em||true|false&#8221; custom_padding_tablet=&#8221;1em||1em||true|false&#8221; custom_padding_phone=&#8221;1em||1em||true|false&#8221; global_colors_info=&#8221;{}&#8221;][et_pb_column type=&#8221;4_4&#8243; _builder_version=&#8221;4.27.4&#8243; _module_preset=&#8221;default&#8221; global_colors_info=&#8221;{}&#8221;][et_pb_button button_url=&#8221;https:\/\/register.empl.io\/CIHT2025?locale=hr&#8221; url_new_window=&#8221;on&#8221; button_text=&#8221;REGISTRIRAJ SE&#8221; button_alignment=&#8221;center&#8221; _builder_version=&#8221;4.27.4&#8243; _module_preset=&#8221;default&#8221; custom_button=&#8221;on&#8221; button_text_size=&#8221;22px&#8221; button_text_color=&#8221;#7EBEC5&#8243; button_font=&#8221;|600|||||||&#8221; global_colors_info=&#8221;{}&#8221;][\/et_pb_button][\/et_pb_column][\/et_pb_row][\/et_pb_section][et_pb_section fb_built=&#8221;1&#8243; _builder_version=&#8221;4.27.4&#8243; _module_preset=&#8221;default&#8221; global_colors_info=&#8221;{}&#8221;][et_pb_row _builder_version=&#8221;4.27.4&#8243; _module_preset=&#8221;default&#8221; global_colors_info=&#8221;{}&#8221;][et_pb_column type=&#8221;4_4&#8243; _builder_version=&#8221;4.27.4&#8243; _module_preset=&#8221;default&#8221; global_colors_info=&#8221;{}&#8221;][et_pb_text _builder_version=&#8221;4.27.4&#8243; _module_preset=&#8221;default&#8221; global_colors_info=&#8221;{}&#8221;]<\/p>\n<h1>PROGRAM CIHT Konferencije<\/h1>\n<p>[\/et_pb_text][\/et_pb_column][\/et_pb_row][et_pb_row _builder_version=&#8221;4.27.4&#8243; _module_preset=&#8221;default&#8221; global_colors_info=&#8221;{}&#8221;][et_pb_column type=&#8221;4_4&#8243; _builder_version=&#8221;4.27.4&#8243; _module_preset=&#8221;default&#8221; global_colors_info=&#8221;{}&#8221;][et_pb_text _builder_version=&#8221;4.27.4&#8243; _module_preset=&#8221;default&#8221; custom_padding=&#8221;||2px|||&#8221; hover_enabled=&#8221;0&#8243; global_colors_info=&#8221;{}&#8221; sticky_enabled=&#8221;0&#8243;]<\/p>\n<p data-start=\"103\" data-end=\"112\"><strong data-start=\"103\" data-end=\"112\">1. dan &#8211; <\/strong><strong>22.10.2025.<\/strong><\/p>\n<p><span style=\"color: #3366ff;\"><strong>08:30 \u2013 10:00<\/strong><\/span><br \/>REGISTRACIJA SUDIONIKA<\/p>\n<p><span style=\"color: #3366ff;\"><strong>10:00 \u2013 10:30<\/strong><\/span><br \/><strong>OTVORENJE KONFERENCIJE<\/strong><\/p>\n<p><span style=\"color: #3366ff;\"><strong>10:30 \u2013 11:30<\/strong><\/span><br \/><strong>Utjecaj klimatskih promjena na zdravstveno turisti\u010dke destinacije<br \/><\/strong><\/p>\n<p><strong>Moderator:<\/strong> Doc.dr.sc.\u00a0 Vladimir Mozeti\u010d, dr.med., MHA, predsjednik Klastera zdravstvenog turizma Kvarnera<\/p>\n<p><strong>Uvodni\u010dari: <\/strong><\/p>\n<ul>\n<li>Zoran Vakula, meteorolog<\/li>\n<li>prof.dr.sc. Luka Traven, voditelj Odsjeka za Biolo\u0161ki monitoring i ekspozicije Nastavnog Zavoda za javno zdravstvo Primorsko-goranske \u017eupanije<\/li>\n<\/ul>\n<p><strong>Panelisti:<\/strong><\/p>\n<ul>\n<li>Zoran Vakula, meteorolog<\/li>\n<li>prof.dr.sc. Luka Traven, voditelj Odsjeka za Biolo\u0161ki monitoring i ekspozicije Nastavnog Zavoda za javno zdravstvo Primorsko-goranske \u017eupanije<\/li>\n<li>Jelena Holenko Pirc, Vlasnica agencije Lynx and Fox, Delnice<\/li>\n<li>mr. sc. Lidija Srnec, voditeljica Odjela za klimatsko modeliranje, pra\u0107enje klimatskih promjena i biometeorologiju, Dr\u017eavni hidrometeorolo\u0161ki zavod<\/li>\n<li>mr. sc. Vjera Matkovi\u0107 Ferreri, dr. med., spec psihijatar, subspec. biologijske psihijatrije, spec. neurolog, somnolog<\/li>\n<\/ul>\n<p><span style=\"color: #3366ff;\"><strong>11:30 \u2013 12:30<\/strong><\/span><br \/><strong>Personalizacija u zdravstvenom turizmu te uloge svih dionika u zdravstvenom turizmu<\/strong><\/p>\n<p><strong>Moderator i uvodni\u010dar:<\/strong> Ivan Renduli\u0107, Predsjednik EHMTA, osniva\u010d Zagreb Med<\/p>\n<p><strong>Panelisti:<\/strong><\/p>\n<ul>\n<li>Tomislav Fain, Vlasnik i direktor turisti\u010dke agencije Terra Travel d.o.o. iz Zadra, predsjednik UHPA-e<\/li>\n<li>Aron Grube\u0161i\u0107, dr. med., slu\u017ebeni predstavnik Acibadem Healthcare Group za Hrvatsku<\/li>\n<li>Veronica Rodriguez Izaguirre, direktorica Barcelona Medical Destination<\/li>\n<li>Ana Lelas, univ.spec.oec., Specijalistica koordinatorica za zdravstveni i wellness turizam, Odjel za razvoj proizvoda, Hrvatska turisti\u010dka zajednica<\/li>\n<\/ul>\n<p><span style=\"color: #3366ff;\"><strong>12:30 \u2013 12:45<br \/><\/strong><\/span><strong>Zdravstveni turizam i sport \u201eOd ozljede do ostvarenja olimpijskog i profesionalonog sna&#8221;<\/strong><\/p>\n<p><strong>Uvodni\u010dar: <\/strong>Primarijus Vlasta Brozi\u010devi\u0107, doktorica, specijalistica fizikalne medicine i rehabilitacije, reumatologije<\/p>\n<p><strong>VIDEO PORUKA <\/strong>Darie Obratov, Mr. sc., Doktorantica molekularne biologije i sportske znanosti, prva hrvatska olimpijka u sanjkanju<\/p>\n<p><span style=\"color: #3366ff;\"><strong>12:45 \u2013 13:10<br \/><\/strong><\/span>PAUZA ZA KAVU<\/p>\n<p><span style=\"color: #3366ff;\"><strong>13:10 \u2013 14:10<\/strong><\/span><br \/><strong><\/strong><strong>Lje\u010dili\u0161ta \u2013 izazovi i priilke razvoja<\/strong><\/p>\n<p><strong>Moderator<\/strong>: <strong>Ivana Kolar<\/strong>, predsjednica Zajednice zdravstvenog turizma &#8211; Hrvatska gospodarska komora, direktorica tvrtke \u201eJulius Rose\u201c d.o.o.<\/p>\n<p><strong>Uvodni\u010dar: <\/strong>Prof. dr. sc. Viktor Per\u0161i\u0107, dr. med., ravnatelj Thalassotherapia Opatija<\/p>\n<p><strong>Panelisti:<\/strong><\/p>\n<ul>\n<li>Zoran Kova\u010devi\u0107, dr. med., izvr\u0161ni direktor &#8211; Institut za fizikalnu medicinu, rehabilitaciju i reumatologiju \u201eDr Simo Milo\u0161evi\u0107\u201d A.D. \u201eIgalo\u201c, Crna Gora<\/li>\n<li>Dragan Bogdani\u0107, dr.med., direktor &#8211; Zdravstveno-turisti\u010dki centar \u201eBanja Vru\u0107ica\u201c, Bosna i Hercegovina<\/li>\n<li>Sa\u0161a Po\u017ear, direktorica &#8211; Skupnost slovenskih naravnih zdravili\u0161\u010d, g.i.z., Slovenija<\/li>\n<li>Nata\u0161a Manestar, univ. spec. oec., ravnateljica &#8211; Thalassotherapia Crikvenica<\/li>\n<li>Prof. dr. sc. Viktor Per\u0161i\u0107, dr. med., ravnatelj Thalassotherapia Opatija<\/li>\n<\/ul>\n<p><span style=\"color: #3366ff;\"><strong>14:10 \u2013 15:15<\/strong><\/span><br \/>RU\u010cAK<\/p>\n<p><span style=\"color: #3366ff;\"><strong>15:15 \u2013 16:15<\/strong><\/span><br \/><strong>Medicina \u017eivotnog stila \u2013\u00a0 Specijalizirane ni\u0161e u zdravstvenom turizmu<\/strong><\/p>\n<p><strong>Moderator i uvodni\u010dar<\/strong>: Mojca Gradi\u0161ek, Spa konzultantica i vlasnica MAI SPA brenda<\/p>\n<p><strong>Panelisti:<\/strong><\/p>\n<ul>\n<li>Izv. prof. dr. sc. Antonija Balenovi\u0107, dr. med., Hrvatski zavod za javno zdravstvo, Odjel za promicanje zdravlja<\/li>\n<li>Marina Deli\u0107, dr.med., glavni lije\u010dnik Health &amp; Wellbeing Retreat de\u2019MAR \u2013 Vrmac; Hyatt Regency Kotor Bay<\/li>\n<li>\u017diva Fabjan, dr.med.,specijalist plasti\u010dne, rekonstruktivne i estetske kirurgije, Klinike Fabjan, Slovenija<\/li>\n<li>Ana Moguli\u0107, voditeljica lokacije Sinteza Skin Clinic<\/li>\n<\/ul>\n<p><span style=\"color: #3366ff;\"><strong>16:15 \u2013 17:15<\/strong><\/span><br \/><strong>Digitalne transformacije i inovacije u zdravstvenom turizmu<\/strong><\/p>\n<p><strong>Moderator i uvodni\u010dar:<\/strong> Damir Medved, direktor EDIH ADRIA projekta<\/p>\n<p><strong>Panelisti:<\/strong><\/p>\n<ul>\n<li>Amena Malik, ovla\u0161teni konzultant za regiju MENA<\/li>\n<li>Anita Bujani\u0107 mag.pharm, osniva\u010dica i izvr\u0161na direktorica HealthHuba<\/li>\n<li>dr. sc. Anja Bare\u0161i\u0107 , Voditelj laboratorija za ra\u010dunalnu biologiju i translacijsku medicinu, Institut Ru\u0111er Bo\u0161kovi\u0107<\/li>\n<li>Daniel Milin, izvr\u0161ni direktor Adricom d.o.o. Rijeka<\/li>\n<\/ul>\n<p><span style=\"color: #3366ff;\"><strong>17:15 \u2013 17:30<\/strong><\/span><br \/><strong>ZAKLJU\u010cCI KONFERENCIJE<\/strong><\/p>\n<p><span style=\"color: #3366ff;\"><strong>19:00<\/strong><\/span><br \/>PROMOCIJA LOKALNIH PROIZVODA<\/p>\n<p><span style=\"color: #3366ff;\"><strong>20:00<\/strong><\/span><br \/>VE\u010cERA I DRU\u017dENJE<\/p>\n<hr data-start=\"903\" data-end=\"906\" \/>\n<p data-start=\"908\" data-end=\"917\"><strong data-start=\"908\" data-end=\"917\">2. dan &#8211;<\/strong> <strong>23.10.2025.<\/strong><\/p>\n<p><span style=\"color: #3366ff;\"><strong>10:00 \u2013 12:00\u00a0prostorija A<\/strong><\/span><br \/><strong>RADIONICA ZA STUDENTE I CAREER DAY<\/strong><br \/><strong>Generacija Z \u2013 pogled na razvoj zdravstvenog turizma<\/strong><\/p>\n<p><span style=\"color: #3366ff;\"><strong>10:00 \u2013 12:00 prostorija B<\/strong><\/span><br \/><strong>B2B SASTANCI ZA SUDIONIKE<\/strong><\/p>\n<p><strong><em><\/em><span style=\"color: #3366ff;\">12:00<\/span><\/strong><br \/>RU\u010cAK<\/p>\n<p><span style=\"color: #3366ff;\"><strong>14:00<\/strong><\/span><br \/><strong>POSJET ZDRAVSTVENIM INSTITUCIJAMA<\/strong><br \/>14:00 Polazak iz Crikvenice<br \/>15:00 Dolazak u Specijalnu bolnicu za ortopediju dr. Nemec, Matulji \u2013 obilazak specijalne bolnice i kratko predstavljanje<br \/>16:00 Planirani odlazak prema Rijeci<br \/>16:30 Dolazak u Specijalnu bolnicu Medico, Rijeka \u2013 obilazak specijalne bolnice i kratko predstavljanje<br \/>17:30 Planirani odlazak<\/p>\n<p>[\/et_pb_text][et_pb_button button_url=&#8221;https:\/\/register.empl.io\/CIHT2025?locale=hr&#8221; url_new_window=&#8221;on&#8221; button_text=&#8221;REGISTRIRAJ SE&#8221; button_alignment=&#8221;center&#8221; _builder_version=&#8221;4.27.4&#8243; _module_preset=&#8221;default&#8221; custom_button=&#8221;on&#8221; button_font=&#8221;|600|||||||&#8221; locked=&#8221;off&#8221; global_colors_info=&#8221;{}&#8221;][\/et_pb_button][et_pb_divider _builder_version=&#8221;4.27.4&#8243; _module_preset=&#8221;default&#8221; global_colors_info=&#8221;{}&#8221;][\/et_pb_divider][et_pb_text _builder_version=&#8221;4.27.4&#8243; _module_preset=&#8221;default&#8221; global_colors_info=&#8221;{}&#8221;]<\/p>\n<p style=\"font-weight: 400;\"><strong>B2B\/NETWORKING<\/strong><\/p>\n<p style=\"font-weight: 400;\">Svi sudionici CIHT konferencije putem platforme <strong><a href=\"https:\/\/empl.io\/\" target=\"_blank\" rel=\"noopener\">empl.io <\/a><\/strong>od po\u010detka listopada imaju mogu\u0107nost ugovaranja sastanaka na unaprijed pripremljenim stolovima, \u0161to pove\u0107ava mogu\u0107nosti umre\u017eavanja sa zdravstveno-turisti\u010dkim partnerima.<\/p>\n<p style=\"font-weight: 400;\"><strong>CAREER DAY<\/strong><\/p>\n<p style=\"font-weight: 400;\">Novitet nadolaze\u0107e CIHT konferencije je Career Day u koji su uklju\u010deni studenti i u\u010denici. U sklopu tog programa, studenti Fakulteta za menad\u017ement u turizmu i ugostiteljstva, Ekonomskog fakulteta Rijeka, Medicinskog fakulteta Rijeka, Fakulteta zdravstvenih studija Rijeka, Fakulteta dentalne medicine Rijeka te u\u010denici Srednje medicinske \u0161kole Rijeka provodit \u0107e istra\u017eivanje na temu \u201eGeneracija Z \u2013 pogled na razvoj zdravstvenog turizma\u201c. Rezultati istra\u017eivanja bit \u0107e predstavljeni tijekom konferencije, \u010dime \u0107e se mladima pru\u017eiti prilika da poka\u017eu svoja znanja i vje\u0161tine potencijalnim poslodavcima. Osim toga, ti \u0107e rezultati poslu\u017eiti kao polazi\u0161te za panel raspravu. U raspravi \u0107e, uz studente i u\u010denike, sudjelovati i predstavnici gospodarstva koji se aktivno bave zdravstvenim turizmom.    <\/p>\n<p>[\/et_pb_text][et_pb_button button_url=&#8221;https:\/\/register.empl.io\/CIHT2025?locale=hr&#8221; url_new_window=&#8221;on&#8221; button_text=&#8221;REGISTRIRAJ SE&#8221; button_alignment=&#8221;center&#8221; _builder_version=&#8221;4.27.4&#8243; _module_preset=&#8221;default&#8221; custom_button=&#8221;on&#8221; button_font=&#8221;|600|||||||&#8221; locked=&#8221;off&#8221; global_colors_info=&#8221;{}&#8221;][\/et_pb_button][\/et_pb_column][\/et_pb_row][\/et_pb_section]<\/p>\n","protected":false},"excerpt":{"rendered":"<p>PROGRAM CIHT Konferencije1. dan &#8211; 22.10.2025. 08:30 \u2013 10:00REGISTRACIJA SUDIONIKA 10:00 \u2013 10:30OTVORENJE KONFERENCIJE 10:30 \u2013 11:30Utjecaj klimatskih promjena na zdravstveno turisti\u010dke destinacije Moderator: Doc.dr.sc.\u00a0 Vladimir Mozeti\u010d, dr.med., MHA, predsjednik Klastera zdravstvenog turizma Kvarnera Uvodni\u010dari: Zoran Vakula, meteorolog prof.dr.sc. Luka Traven, voditelj Odsjeka za Biolo\u0161ki monitoring i ekspozicije Nastavnog Zavoda za javno zdravstvo Primorsko-goranske \u017eupanije [&hellip;]<\/p>\n","protected":false},"author":1,"featured_media":0,"parent":0,"menu_order":0,"comment_status":"closed","ping_status":"closed","template":"","meta":{"_et_pb_use_builder":"on","_et_pb_old_content":"","_et_gb_content_width":"","footnotes":""},"class_list":["post-21683","page","type-page","status-publish","hentry"],"_links":{"self":[{"href":"https:\/\/ciht.eu\/hr\/wp-json\/wp\/v2\/pages\/21683","targetHints":{"allow":["GET"]}}],"collection":[{"href":"https:\/\/ciht.eu\/hr\/wp-json\/wp\/v2\/pages"}],"about":[{"href":"https:\/\/ciht.eu\/hr\/wp-json\/wp\/v2\/types\/page"}],"author":[{"embeddable":true,"href":"https:\/\/ciht.eu\/hr\/wp-json\/wp\/v2\/users\/1"}],"replies":[{"embeddable":true,"href":"https:\/\/ciht.eu\/hr\/wp-json\/wp\/v2\/comments?post=21683"}],"version-history":[{"count":53,"href":"https:\/\/ciht.eu\/hr\/wp-json\/wp\/v2\/pages\/21683\/revisions"}],"predecessor-version":[{"id":22694,"href":"https:\/\/ciht.eu\/hr\/wp-json\/wp\/v2\/pages\/21683\/revisions\/22694"}],"wp:attachment":[{"href":"https:\/\/ciht.eu\/hr\/wp-json\/wp\/v2\/media?parent=21683"}],"curies":[{"name":"wp","href":"https:\/\/api.w.org\/{rel}","templated":true}]}}